{"id":116,"date":"2020-04-29T12:24:13","date_gmt":"2020-04-29T10:24:13","guid":{"rendered":"http:\/\/emocjeprzedszkolaka.pl\/?page_id=116"},"modified":"2025-12-02T11:38:38","modified_gmt":"2025-12-02T10:38:38","slug":"o-mnie","status":"publish","type":"page","link":"https:\/\/emocjeprzedszkolaka.pl\/index.php\/o-mnie\/","title":{"rendered":"O mnie"},"content":{"rendered":"<div class=\"wp-block-image\">\n<figure class=\"alignleft is-resized\"><img loading=\"lazy\" decoding=\"async\" width=\"1080\" height=\"1080\" src=\"http:\/\/emocjeprzedszkolaka.pl\/wp-content\/uploads\/2023\/12\/joanna_trafisz.png\" alt=\"\" class=\"wp-image-2061\" style=\"width:251px;height:auto\" srcset=\"https:\/\/emocjeprzedszkolaka.pl\/wp-content\/uploads\/2023\/12\/joanna_trafisz.png 1080w, https:\/\/emocjeprzedszkolaka.pl\/wp-content\/uploads\/2023\/12\/joanna_trafisz-300x300.png 300w, https:\/\/emocjeprzedszkolaka.pl\/wp-content\/uploads\/2023\/12\/joanna_trafisz-1024x1024.png 1024w, https:\/\/emocjeprzedszkolaka.pl\/wp-content\/uploads\/2023\/12\/joanna_trafisz-150x150.png 150w, https:\/\/emocjeprzedszkolaka.pl\/wp-content\/uploads\/2023\/12\/joanna_trafisz-768x768.png 768w\" sizes=\"auto, (max-width: 1080px) 100vw, 1080px\" \/><\/figure>\n<\/div>\n\n\n<p><\/p>\n\n\n\n<p>Nazywam si\u0119 Joanna Trafisz. Jestem psychologiem dzieci\u0119cym i psychoterapeutk\u0105 dzieci\u0119c\u0105.&nbsp;Specjalizuj\u0119 si\u0119 w pracy z dzie\u0107mi w wieku przedszkolnym i wczesnoszkolnym.<\/p>\n\n\n\n<p>Na co dzie\u0144 pracuj\u0119 w Fundacji Savant, gdzie prowadz\u0119 konsultacje dla rodzic\u00f3w i indywidualn\u0105 psychoterapi\u0119 dla dzieci w wieku 3-12. Wspieram dzieci, kt\u00f3re do\u015bwiadczaj\u0105 trudno\u015bci o pod\u0142o\u017cu emocjonalnym, mierz\u0105 si\u0119 z l\u0119kiem, w tym z mutyzmem wybi\u00f3rczym, stresem, do\u015bwiadczaj\u0105 trudno\u015bci w relacjach spo\u0142ecznych, dla dzieci ze spektrum autyzmu, z Zespo\u0142em Aspergera oraz z ADHD. Pracuj\u0119 te\u017c jako psycholog w warszawskich przedszkolach.<\/p>\n\n\n\n<p>Z dzie\u0107mi pracuj\u0119 terapi\u0105 przez zabaw\u0119.&nbsp;W trakcie konsultacji z rodzicami podchodz\u0119 indywidualnie do ka\u017cdej historii, s\u0142ucham i zadaj\u0119 du\u017co pyta\u0144 zanim udziel\u0119 wsparcia i wskaz\u00f3wek. W pracy obowi\u0105zuje mnie poszanowanie tajemnicy zawodowej. <\/p>\n\n\n\n<p>Regularnie superwizuj\u0119 swoj\u0105 prac\u0119 u superwizora psychoterapii dzieci i m\u0142odzie\u017cy.<\/p>\n\n\n\n<p>Studia:<\/p>\n\n\n\n<ul class=\"wp-block-list\">\n<li><em>Jednolite 5-letnie studia magisterskie na kierunku<\/em> <em>Psychologia Stosowana<\/em> &#8211; Uniwersytet Jagiello\u0144ski w Krakowie<\/li>\n\n\n\n<li><em>4-letnia Szko\u0142a Psychoterapii Dzieci i M\u0142odzie\u017cy<\/em> &#8211; Laboratorium Psychoedukacji i O\u015brodek Regeneracja w Warszawie<\/li>\n\n\n\n<li><em>Wczesna Interwencja i Wczesne Wspomaganie Rozwoju Ma\u0142ego Dziecka w tym z Zaburzeniami ze Spektrum Autyzmu i jego Rodziny<\/em> &#8211; studia podyplomowe w zakresie pedagogiki specjalnej &#8211; Akademia Pedagogiki Specjalnej w Warszawie<\/li>\n<\/ul>\n\n\n\n<p>Wybrane kursy i szkolenia:<\/p>\n\n\n\n<ul class=\"wp-block-list\">\n<li><em>Zabawa w psychoterapii dzieci<\/em> &#8211; O\u015brodek Psychoterapii Ma\u0142y Ksi\u0105\u017c\u0119<\/li>\n\n\n\n<li><em>Setting w pude\u0142ku, czyli o psychoterapii psychodynamicznej dzieci <\/em>&#8211; O\u015brodek Psychoterapii Ma\u0142y Ksi\u0105\u017c\u0119<\/li>\n\n\n\n<li><em>Jak prowadzi\u0107 terapi\u0119 z dzieckiem poprzez zabaw\u0119?<\/em> &#8211; Szko\u0142a Psychoterapii Dialog <\/li>\n\n\n\n<li><em>Jak wykorzysta\u0107 zabaw\u0119 w psychoterapii dzieci?<\/em> &#8211; Szko\u0142a Psychoterapii Dialog<\/li>\n\n\n\n<li><em>Interwencje terapeutyczne w pracy z dzie\u0107mi <\/em>&#8211; prow. Anna Karcz<\/li>\n\n\n\n<li><em>Psycholog jako interwent kryzysowy dzieci i m\u0142odzie\u017cy <\/em>&#8211; Therapy Tools<\/li>\n\n\n\n<li><em>Jak wpiera\u0107 dzieci w \u017ca\u0142obie?<\/em> &#8211; Fundacja Nagle Sami <\/li>\n\n\n\n<li><em>Terapia ADHD u dzieci i nastolatk\u00f3w<\/em> &#8211; prow. Marta Cie\u015bla <\/li>\n\n\n\n<li><em>Interwencje poznawczo-behawioralne w pracy z dzieckiem\/nastolatkiem z ADHD<\/em> &#8211; Therapy Tools<\/li>\n\n\n\n<li><em>Terapia dziecka z mutyzmem selektywnym\/wybi\u00f3rczym<\/em> &#8211; Centrum Terapii Mutyzmu, Nie\u015bmia\u0142o\u015bci i L\u0119ku<\/li>\n\n\n\n<li><em>Terapia dziecka z mutyzmem wybi\u00f3rczym w poradni, przedszkolu, szkole i w domu<\/em> &#8211; Polskie Towarzystwo Mutyzmu Wybi\u00f3rczego <\/li>\n\n\n\n<li><em>Trening Umiej\u0119tno\u015bci Spo\u0142ecznych dla dzieci w wieku przedszkolnym<\/em> &#8211; Fundacja Pomoc Autyzm<\/li>\n\n\n\n<li><em>Trening Umiej\u0119tno\u015bci Spo\u0142ecznych \u2013&nbsp;terapia grupowa dzieci ze spektrum autyzmu<\/em>&nbsp;&#8211; Fundacja Pomoc Autyzm <\/li>\n\n\n\n<li><em>Metoda Kids&#8217; Skills &#8211; Dam rad\u0119! <\/em>&#8211; Centrum Terapii Skoncentrowanej na Rozwi\u0105zaniach<\/li>\n\n\n\n<li><em>Szkolenia z zakresu prowadzenia warsztat\u00f3w dla rodzic\u00f3w i rodzicielskich grup wsparcia<\/em> &#8211; Fundacja Dajemy Dzieciom Si\u0142\u0119 w Warszawie<br><br>Je\u015bli szukasz psychologa dzieci\u0119cego dla swojego dziecka &#8211; zapraszam do <a href=\"http:\/\/emocjeprzedszkolaka.pl\/index.php\/konsultacje\/\">kontaktu<\/a>.<\/li>\n<\/ul>\n\n\n\n<p><\/p>\n\n\n\n<p><\/p>\n","protected":false},"excerpt":{"rendered":"<p>Nazywam si\u0119 Joanna Trafisz. Jestem psychologiem dzieci\u0119cym i psychoterapeutk\u0105 dzieci\u0119c\u0105.&nbsp;Specjalizuj\u0119 si\u0119 w pracy z dzie\u0107mi w wieku przedszkolnym i wczesnoszkolnym. Na co dzie\u0144 pracuj\u0119 w Fundacji Savant, gdzie prowadz\u0119 konsultacje dla rodzic\u00f3w i indywidualn\u0105 psychoterapi\u0119 dla dzieci w wieku 3-12. Wspieram dzieci, kt\u00f3re do\u015bwiadczaj\u0105 trudno\u015bci o pod\u0142o\u017cu emocjonalnym, mierz\u0105 si\u0119 z l\u0119kiem, w tym z [&hellip;]<\/p>\n","protected":false},"author":2,"featured_media":0,"parent":0,"menu_order":0,"comment_status":"closed","ping_status":"closed","template":"","meta":{"_monsterinsights_skip_tracking":false,"_monsterinsights_sitenote_active":false,"_monsterinsights_sitenote_note":"","_monsterinsights_sitenote_category":0,"footnotes":""},"class_list":["post-116","page","type-page","status-publish","hentry"],"_links":{"self":[{"href":"https:\/\/emocjeprzedszkolaka.pl\/index.php\/wp-json\/wp\/v2\/pages\/116","targetHints":{"allow":["GET"]}}],"collection":[{"href":"https:\/\/emocjeprzedszkolaka.pl\/index.php\/wp-json\/wp\/v2\/pages"}],"about":[{"href":"https:\/\/emocjeprzedszkolaka.pl\/index.php\/wp-json\/wp\/v2\/types\/page"}],"author":[{"embeddable":true,"href":"https:\/\/emocjeprzedszkolaka.pl\/index.php\/wp-json\/wp\/v2\/users\/2"}],"replies":[{"embeddable":true,"href":"https:\/\/emocjeprzedszkolaka.pl\/index.php\/wp-json\/wp\/v2\/comments?post=116"}],"version-history":[{"count":98,"href":"https:\/\/emocjeprzedszkolaka.pl\/index.php\/wp-json\/wp\/v2\/pages\/116\/revisions"}],"predecessor-version":[{"id":2121,"href":"https:\/\/emocjeprzedszkolaka.pl\/index.php\/wp-json\/wp\/v2\/pages\/116\/revisions\/2121"}],"wp:attachment":[{"href":"https:\/\/emocjeprzedszkolaka.pl\/index.php\/wp-json\/wp\/v2\/media?parent=116"}],"curies":[{"name":"wp","href":"https:\/\/api.w.org\/{rel}","templated":true}]}}